{"id":12808,"date":"2023-04-02T18:52:40","date_gmt":"2023-04-02T16:52:40","guid":{"rendered":"https:\/\/www.ekoboalimentacio.cat\/on-som\/"},"modified":"2023-09-19T15:33:36","modified_gmt":"2023-09-19T13:33:36","slug":"donde-estamos","status":"publish","type":"page","link":"https:\/\/www.ekoboalimentacio.cat\/es\/donde-estamos\/","title":{"rendered":"D\u00d3NDE ESTAMOS"},"content":{"rendered":"\t\t<div data-elementor-type=\"wp-page\" data-elementor-id=\"12808\" class=\"elementor elementor-12808 elementor-6600\">\n\t\t\t\t\t\t<section class=\"elementor-section elementor-top-section elementor-element elementor-element-db99c77 elementor-section-full_width elementor-section-height-default elementor-section-height-default\" data-id=\"db99c77\" data-element_type=\"section\">\n\t\t\t\t\t\t<div class=\"elementor-container elementor-column-gap-default\">\n\t\t\t\t\t<div class=\"elementor-column elementor-col-100 elementor-top-column elementor-element elementor-element-eb35687\" data-id=\"eb35687\" data-element_type=\"column\">\n\t\t\t<div class=\"elementor-widget-wrap elementor-element-populated\">\n\t\t\t\t\t\t<div class=\"elementor-element elementor-element-76c7ed0 elementor-widget elementor-widget-agraria_core_google_map\" data-id=\"76c7ed0\" data-element_type=\"widget\" data-widget_type=\"agraria_core_google_map.default\">\n\t\t\t\t<div class=\"elementor-widget-container\">\n\t\t\t\t\t<div class=\"qodef-shortcode qodef-m  qodef-google-map\">\n\t<div class=\"qodef-m-map\" id=\"qodef-map-id--945\" data-addresses='[\"https:\/\/www.google.com\/maps\/place\/Prinsengracht+250,+1016+PM+Amsterdam,+%D0%A5%D0%BE%D0%BB%D0%B0%D0%BD%D0%B4%D0%B8%D1%98%D0%B0\/@52.372063,4.882553,17z\/data=!3m1!4b1!4m6!3m5!1s0x47c609c353cf11e5:0x7bc41a5f9e42333b!8m2!3d52.372063!4d4.882553!16s%2Fg%2F11gkxqkk3j\"]' data-pin=https:\/\/www.ekoboalimentacio.cat\/wp-content\/plugins\/agraria-core\/inc\/maps\/assets\/img\/pin.png data-unique-id=945 data-height=620><\/div>\n<\/div>\n\t\t\t\t<\/div>\n\t\t\t\t<\/div>\n\t\t\t\t\t<\/div>\n\t\t<\/div>\n\t\t\t\t\t<\/div>\n\t\t<\/section>\n\t\t\t\t<section class=\"elementor-section elementor-top-section elementor-element elementor-element-6b39c50 elementor-section-full_width qodef-elementor-content-grid elementor-section-height-default elementor-section-height-default\" data-id=\"6b39c50\" data-element_type=\"section\">\n\t\t\t\t\t\t<div class=\"elementor-container elementor-column-gap-default\">\n\t\t\t\t\t<div class=\"elementor-column elementor-col-50 elementor-top-column elementor-element elementor-element-fc3c473\" data-id=\"fc3c473\" data-element_type=\"column\">\n\t\t\t<div class=\"elementor-widget-wrap elementor-element-populated\">\n\t\t\t\t\t\t<div class=\"elementor-element elementor-element-681b35f elementor-widget elementor-widget-agraria_core_section_title\" data-id=\"681b35f\" data-element_type=\"widget\" data-widget_type=\"agraria_core_section_title.default\">\n\t\t\t\t<div class=\"elementor-widget-container\">\n\t\t\t\t\t<div class=\"qodef-shortcode qodef-m  qodef-section-title qodef-alignment--left \">\n\t\t\t\t<h3 class=\"qodef-m-title\" style=\"color: #769D02\">\n\t\t\t\t\tInformaci\u00f3n de contacto\t\t\t<\/h3>\n\t\t<p class=\"qodef-m-description\" style=\"color: #5A5A5A\">Nos encontrar\u00e1s en la Avenida de La R\u00e0pita, 36, de Amposta, que es donde tenemos la tienda, \u00a1pero si no puedes venir tambi\u00e9n te lo traemos a casa!<\/p>\n\t<\/div>\n\t\t\t\t<\/div>\n\t\t\t\t<\/div>\n\t\t\t\t<section class=\"elementor-section elementor-inner-section elementor-element elementor-element-ddca651 elementor-section-full_width elementor-section-height-default elementor-section-height-default\" data-id=\"ddca651\" data-element_type=\"section\">\n\t\t\t\t\t\t<div class=\"elementor-container elementor-column-gap-default\">\n\t\t\t\t\t<div class=\"elementor-column elementor-col-50 elementor-inner-column elementor-element elementor-element-5c836c4\" data-id=\"5c836c4\" data-element_type=\"column\">\n\t\t\t<div class=\"elementor-widget-wrap elementor-element-populated\">\n\t\t\t\t\t\t<div class=\"elementor-element elementor-element-babea83 elementor-widget elementor-widget-agraria_core_section_title\" data-id=\"babea83\" data-element_type=\"widget\" data-widget_type=\"agraria_core_section_title.default\">\n\t\t\t\t<div class=\"elementor-widget-container\">\n\t\t\t\t\t<div class=\"qodef-shortcode qodef-m  qodef-section-title qodef-alignment--left \">\n\t\t\t\t<h6 class=\"qodef-m-title\" >\n\t\t\t\t\tUbicaci\u00f3n\t\t\t<\/h6>\n\t\t<\/div>\n\t\t\t\t<\/div>\n\t\t\t\t<\/div>\n\t\t\t\t<div class=\"elementor-element elementor-element-7499e11 elementor-widget elementor-widget-text-editor\" data-id=\"7499e11\" data-element_type=\"widget\" data-widget_type=\"text-editor.default\">\n\t\t\t\t<div class=\"elementor-widget-container\">\n\t\t\t\t\t\t\t\t\t<p>Tienda: Avinguda de la R\u00e0pita, 36, 43870 Amposta, Tarragona<\/p>\t\t\t\t\t\t\t\t<\/div>\n\t\t\t\t<\/div>\n\t\t\t\t<div class=\"elementor-element elementor-element-5f35c03 elementor-widget elementor-widget-agraria_core_button\" data-id=\"5f35c03\" data-element_type=\"widget\" data-widget_type=\"agraria_core_button.default\">\n\t\t\t\t<div class=\"elementor-widget-container\">\n\t\t\t\t\t<a class=\"qodef-shortcode qodef-m  qodef-button qodef-layout--textual  qodef-html--link\" href=\"https:\/\/www.google.com\/maps\/dir\/\/Ekobo,+Avinguda+de+la+R%C3%A0pita,+36,+43870+Amposta,+Tarragona\/@40.7106507,0.5797694,18.75z\/data=!4m9!4m8!1m0!1m5!1m1!1s0x12a0fe7453cb30d3:0xe845c6ce4482b164!2m2!1d0.5798782!2d40.7105815!3e0?entry=ttu\" target=\"_blank\"  >\n\t<span class=\"qodef-m-text\">Ver direcciones<\/span>\n    <span class=\"qodef-m-icon\"><svg class=\"qodef-svg--button-arrow\" xmlns=\"http:\/\/www.w3.org\/2000\/svg\" width=\"15.494\" height=\"14.228\" viewBox=\"0 0 15.494 14.228\"><path d=\"m8.77664801 1.48433105 5.65685425 5.65685425L8.776648 12.79803955\"\/><path d=\"M13.478201 7.11360813H.75027894\"\/><\/svg><\/span>\n<\/a>\n\t\t\t\t<\/div>\n\t\t\t\t<\/div>\n\t\t\t\t\t<\/div>\n\t\t<\/div>\n\t\t\t\t<div class=\"elementor-column elementor-col-50 elementor-inner-column elementor-element elementor-element-99874c7\" data-id=\"99874c7\" data-element_type=\"column\">\n\t\t\t<div class=\"elementor-widget-wrap elementor-element-populated\">\n\t\t\t\t\t\t<div class=\"elementor-element elementor-element-81fd4d2 elementor-widget elementor-widget-agraria_core_section_title\" data-id=\"81fd4d2\" data-element_type=\"widget\" data-widget_type=\"agraria_core_section_title.default\">\n\t\t\t\t<div class=\"elementor-widget-container\">\n\t\t\t\t\t<div class=\"qodef-shortcode qodef-m  qodef-section-title qodef-alignment--left \">\n\t\t\t\t<h6 class=\"qodef-m-title\" >\n\t\t\t\t\tContacto\t\t\t<\/h6>\n\t\t<\/div>\n\t\t\t\t<\/div>\n\t\t\t\t<\/div>\n\t\t\t\t<div class=\"elementor-element elementor-element-a4df790 elementor-widget elementor-widget-text-editor\" data-id=\"a4df790\" data-element_type=\"widget\" data-widget_type=\"text-editor.default\">\n\t\t\t\t<div class=\"elementor-widget-container\">\n\t\t\t\t\t\t\t\t\t<p>Horario Tienda-Bar:<br \/><br \/>Lun-Vie\u00a0 9:00\u201313:30, 17:00\u201320:30<br \/>S\u00e1b 9:30\u201313:30, 18:00\u201320:30<\/p>\t\t\t\t\t\t\t\t<\/div>\n\t\t\t\t<\/div>\n\t\t\t\t<div class=\"elementor-element elementor-element-e34f4fc elementor-widget elementor-widget-text-editor\" data-id=\"e34f4fc\" data-element_type=\"widget\" data-widget_type=\"text-editor.default\">\n\t\t\t\t<div class=\"elementor-widget-container\">\n\t\t\t\t\t\t\t\t\t<a href=\"tel:+34977 70 75 76\">+34 <span aria-label=\"Llamar al n\u00famero de tel\u00e9fono 977 70 75 76\">977 70 75 76<\/span><\/a>\n<a href=\"mailto:verduresecologiques@joancastella.net\">verduresecologiques@joancastella.net<\/a>\t\t\t\t\t\t\t\t<\/div>\n\t\t\t\t<\/div>\n\t\t\t\t\t<\/div>\n\t\t<\/div>\n\t\t\t\t\t<\/div>\n\t\t<\/section>\n\t\t\t\t\t<\/div>\n\t\t<\/div>\n\t\t\t\t<div class=\"elementor-column elementor-col-50 elementor-top-column elementor-element elementor-element-5c0ad35\" data-id=\"5c0ad35\" data-element_type=\"column\">\n\t\t\t<div class=\"elementor-widget-wrap elementor-element-populated\">\n\t\t\t\t\t\t<div class=\"elementor-element elementor-element-ab4e48d elementor-widget elementor-widget-agraria_core_section_title\" data-id=\"ab4e48d\" data-element_type=\"widget\" data-widget_type=\"agraria_core_section_title.default\">\n\t\t\t\t<div class=\"elementor-widget-container\">\n\t\t\t\t\t<div class=\"qodef-shortcode qodef-m  qodef-section-title qodef-alignment--left \">\n\t\t\t\t<h3 class=\"qodef-m-title\" style=\"color: #769D02\">\n\t\t\t\t\tContacta\t\t\t<\/h3>\n\t\t<\/div>\n\t\t\t\t<\/div>\n\t\t\t\t<\/div>\n\t\t\t\t<div class=\"elementor-element elementor-element-323e8d8 elementor-widget elementor-widget-wp-widget-agraria_core_contact_form_7\" data-id=\"323e8d8\" data-element_type=\"widget\" data-widget_type=\"wp-widget-agraria_core_contact_form_7.default\">\n\t\t\t\t<div class=\"elementor-widget-container\">\n\t\t\t\t\t\t\t\t<div class=\"qodef-contact-form-7\">\n\t\t\t\t\n<div class=\"wpcf7 no-js\" id=\"wpcf7-f12849-o1\" lang=\"es-ES\" dir=\"ltr\" data-wpcf7-id=\"12849\">\n<div class=\"screen-reader-response\"><p role=\"status\" aria-live=\"polite\" aria-atomic=\"true\"><\/p> <ul><\/ul><\/div>\n<form action=\"\/es\/wp-json\/wp\/v2\/pages\/12808#wpcf7-f12849-o1\" method=\"post\" class=\"wpcf7-form init\" aria-label=\"Formulario de contacto\" novalidate=\"novalidate\" data-status=\"init\">\n<fieldset class=\"hidden-fields-container\"><input type=\"hidden\" name=\"_wpcf7\" value=\"12849\" \/><input type=\"hidden\" name=\"_wpcf7_version\" value=\"6.1.5\" \/><input type=\"hidden\" name=\"_wpcf7_locale\" value=\"es_ES\" \/><input type=\"hidden\" name=\"_wpcf7_unit_tag\" value=\"wpcf7-f12849-o1\" \/><input type=\"hidden\" name=\"_wpcf7_container_post\" value=\"0\" \/><input type=\"hidden\" name=\"_wpcf7_posted_data_hash\" value=\"\" \/><input type=\"hidden\" name=\"_wpcf7_recaptcha_response\" value=\"\" \/>\n<\/fieldset>\n<div class=\"qodef-contact-form-style\"><span class=\"wpcf7-form-control-wrap\" data-name=\"your-name\"><input size=\"40\" maxlength=\"400\" class=\"wpcf7-form-control wpcf7-text wpcf7-validates-as-required\" aria-required=\"true\" aria-invalid=\"false\" placeholder=\"Nombre\" value=\"\" type=\"text\" name=\"your-name\" \/><\/span><span class=\"wpcf7-form-control-wrap\" data-name=\"your-email\"><input size=\"40\" maxlength=\"400\" class=\"wpcf7-form-control wpcf7-email wpcf7-text wpcf7-validates-as-email\" aria-invalid=\"false\" placeholder=\"Email\" value=\"\" type=\"email\" name=\"your-email\" \/><\/span><span class=\"wpcf7-form-control-wrap\" data-name=\"your-message\"><textarea cols=\"40\" rows=\"5\" maxlength=\"2000\" class=\"wpcf7-form-control wpcf7-textarea wpcf7-validates-as-required\" aria-required=\"true\" aria-invalid=\"false\" placeholder=\"Mensaje\" name=\"your-message\"><\/textarea><\/span><label> \n    <span class=\"wpcf7-form-control-wrap\" data-name=\"acceptance-748\"><span class=\"wpcf7-form-control wpcf7-acceptance\"><span class=\"wpcf7-list-item\"><input type=\"checkbox\" name=\"acceptance-748\" value=\"1\" aria-invalid=\"false\" \/><\/span><\/span><\/span> Acepto los t\u00e9rminos y condiciones y entiendo que mis datos se almacenar\u00e1n de forma segura de acuerdo con la <a href=\"https:\/\/www.ekoboalimentacio.cat\/es\/politica-privacidad\/\" target=\"_blank\" >Pol\u00edtica de privacidad.<\/a> <\/label>\n<button class=\"wpcf7-form-control wpcf7-submit qodef-button qodef-size--normal qodef-layout--filled qodef-m\" type=\"submit\"><span class=\"qodef-m-text\">Enviar<\/span><span class=\"qodef-m-icon\"><svg class=\"qodef-svg--button-arrow\" xmlns=\"http:\/\/www.w3.org\/2000\/svg\" width=\"15.494\" height=\"14.228\" viewBox=\"0 0 15.494 14.228\"><path d=\"m8.77664801 1.48433105 5.65685425 5.65685425L8.776648 12.79803955\"\/><path d=\"M13.478201 7.11360813H.75027894\"\/><\/svg><\/span><\/button><\/div><div class=\"wpcf7-response-output\" aria-hidden=\"true\"><\/div>\n<\/form>\n<\/div>\n\t\t\t<\/div>\n\t\t\t\t\t\t\t<\/div>\n\t\t\t\t<\/div>\n\t\t\t\t<div class=\"elementor-element elementor-element-e002c7c elementor-widget elementor-widget-html\" data-id=\"e002c7c\" data-element_type=\"widget\" data-widget_type=\"html.default\">\n\t\t\t\t<div class=\"elementor-widget-container\">\n\t\t\t\t\t<div id=\"agraria_core_social_icons_group-3\" class=\"widget widget_agraria_core_social_icons_group\" data-area=\"qodef-footer-top-area-column-1\">\t\t\t\t\t\t\t\t<p class=\"qodef-widget-title\">Redes sociales:<\/p>\n\t\t\t\t\t\t\t<div class=\"qodef-social-icons-group\">\n\t\t\t\t<span class=\"qodef-shortcode qodef-m  qodef-icon-holder  qodef-layout--normal\" style=\"margin: 0px 8px 2px\">\n\t\t\t<a itemprop=\"url\" href=\"https:\/\/www.google.com\/url?sa=t&amp;rct=j&amp;q=&amp;esrc=s&amp;source=web&amp;cd=&amp;cad=rja&amp;uact=8&amp;ved=2ahUKEwisrrL01ZCBAxW3VaQEHbilAAEQFnoECBIQAQ&amp;url=https%3A%2F%2Fwww.facebook.com%2FAlimentacioEcologicaEkobo%2F&amp;usg=AOvVaw1ZFTrFMWOQOhm_bjzedvlX&amp;opi=89978449\" target=\"_blank\">\n\t\t\t<span class=\"qodef-icon-elegant-icons social_facebook qodef-icon qodef-e\" style=\"\"><\/span>\t\t\t<\/a>\n\t<\/span>\n<span class=\"qodef-shortcode qodef-m  qodef-icon-holder  qodef-layout--normal\" style=\"margin: 0px 6px 2px\">\n\t\t\t<a itemprop=\"url\" href=\"https:\/\/www.google.com\/url?sa=t&amp;source=web&amp;cd=&amp;cad=rja&amp;uact=8&amp;ved=2ahUKEwjzo4vi1pCBAxV3aqQEHft6CigQFnoECBsQAQ&amp;url=https%3A%2F%2Fwww.instagram.com%2Fekoboalimentacio%2F%3Fhl%3Des&amp;usg=AOvVaw0w5t8pTwZPNpthts50qUQU&amp;opi=89978449\" target=\"_blank\">\n\t\t\t<span class=\"qodef-icon-font-awesome fab fa-instagram qodef-icon qodef-e\" style=\"\"><\/span>\t\t\t<\/a>\n\t<\/span>\n\t\t\t<\/div>\n\t\t\t<\/div>\t\t\t\t<\/div>\n\t\t\t\t<\/div>\n\t\t\t\t\t<\/div>\n\t\t<\/div>\n\t\t\t\t\t<\/div>\n\t\t<\/section>\n\t\t\t\t<\/div>\n\t\t","protected":false},"excerpt":{"rendered":"<p>Informaci\u00f3n de contacto Nos encontrar\u00e1s en la Avenida de La R\u00e0pita, 36, de Amposta, que es donde tenemos la tienda, \u00a1pero si no puedes venir tambi\u00e9n te lo traemos a casa! Ubicaci\u00f3n Tienda: Avinguda de la R\u00e0pita, 36, 43870 Amposta, Tarragona Ver direcciones Contacto Horario Tienda-Bar: Lun-Vie\u00a0 9:00\u201313:30, 17:00\u201320:30S\u00e1b 9:30\u201313:30, 18:00\u201320:30 +34 977 70 75 [&hellip;]<\/p>\n","protected":false},"author":1,"featured_media":0,"parent":0,"menu_order":0,"comment_status":"closed","ping_status":"closed","template":"page-full-width.php","meta":{"om_disable_all_campaigns":false,"_monsterinsights_skip_tracking":false,"_monsterinsights_sitenote_active":false,"_monsterinsights_sitenote_note":"","_monsterinsights_sitenote_category":0,"footnotes":""},"class_list":["post-12808","page","type-page","status-publish","hentry"],"aioseo_notices":[],"_links":{"self":[{"href":"https:\/\/www.ekoboalimentacio.cat\/es\/wp-json\/wp\/v2\/pages\/12808","targetHints":{"allow":["GET"]}}],"collection":[{"href":"https:\/\/www.ekoboalimentacio.cat\/es\/wp-json\/wp\/v2\/pages"}],"about":[{"href":"https:\/\/www.ekoboalimentacio.cat\/es\/wp-json\/wp\/v2\/types\/page"}],"author":[{"embeddable":true,"href":"https:\/\/www.ekoboalimentacio.cat\/es\/wp-json\/wp\/v2\/users\/1"}],"replies":[{"embeddable":true,"href":"https:\/\/www.ekoboalimentacio.cat\/es\/wp-json\/wp\/v2\/comments?post=12808"}],"version-history":[{"count":5,"href":"https:\/\/www.ekoboalimentacio.cat\/es\/wp-json\/wp\/v2\/pages\/12808\/revisions"}],"predecessor-version":[{"id":12848,"href":"https:\/\/www.ekoboalimentacio.cat\/es\/wp-json\/wp\/v2\/pages\/12808\/revisions\/12848"}],"wp:attachment":[{"href":"https:\/\/www.ekoboalimentacio.cat\/es\/wp-json\/wp\/v2\/media?parent=12808"}],"curies":[{"name":"wp","href":"https:\/\/api.w.org\/{rel}","templated":true}]}}