{"id":12804,"date":"2023-03-29T12:31:49","date_gmt":"2023-03-29T10:31:49","guid":{"rendered":"https:\/\/www.ekoboalimentacio.cat\/alimentacio-ecologica\/"},"modified":"2023-09-21T10:15:48","modified_gmt":"2023-09-21T08:15:48","slug":"alimentacion-ecologica","status":"publish","type":"page","link":"https:\/\/www.ekoboalimentacio.cat\/es\/alimentacion-ecologica\/","title":{"rendered":"ALIMENTACI\u00d3N ECOL\u00d3GICA"},"content":{"rendered":"\t\t<div data-elementor-type=\"wp-page\" data-elementor-id=\"12804\" class=\"elementor elementor-12804 elementor-4114\">\n\t\t\t\t\t\t<section class=\"elementor-section elementor-top-section elementor-element elementor-element-45bd8e1 elementor-section-full_width qodef-elementor-content-grid elementor-section-height-default elementor-section-height-default\" data-id=\"45bd8e1\" data-element_type=\"section\">\n\t\t\t\t\t\t<div class=\"elementor-container elementor-column-gap-default\">\n\t\t\t\t\t<div class=\"elementor-column elementor-col-50 elementor-top-column elementor-element elementor-element-6a36041\" data-id=\"6a36041\" data-element_type=\"column\" data-settings=\"{&quot;background_background&quot;:&quot;classic&quot;}\">\n\t\t\t<div class=\"elementor-widget-wrap elementor-element-populated\">\n\t\t\t\t\t\t<div class=\"elementor-element elementor-element-f04a71b elementor-widget elementor-widget-agraria_core_separator\" data-id=\"f04a71b\" data-element_type=\"widget\" data-widget_type=\"agraria_core_separator.default\">\n\t\t\t\t<div class=\"elementor-widget-container\">\n\t\t\t\t\t<div class=\"qodef-shortcode qodef-m  qodef-separator clear qodef-position--center \">\n\t<div class=\"qodef-m-line\" style=\"border-color: #02010100\"><\/div>\n<\/div>\n\t\t\t\t<\/div>\n\t\t\t\t<\/div>\n\t\t\t\t\t<\/div>\n\t\t<\/div>\n\t\t\t\t<div class=\"elementor-column elementor-col-50 elementor-top-column elementor-element elementor-element-552a359\" data-id=\"552a359\" data-element_type=\"column\">\n\t\t\t<div class=\"elementor-widget-wrap elementor-element-populated\">\n\t\t\t\t\t\t<div class=\"elementor-element elementor-element-9a0e907 elementor-widget elementor-widget-agraria_core_section_title\" data-id=\"9a0e907\" data-element_type=\"widget\" data-widget_type=\"agraria_core_section_title.default\">\n\t\t\t\t<div class=\"elementor-widget-container\">\n\t\t\t\t\t<div class=\"qodef-shortcode qodef-m  qodef-section-title qodef-alignment--left qodef-title-break--disabled\">\n\t\t\t\t<h2 class=\"qodef-m-title\" style=\"color: #769D02\">\n\t\t\t\t\tNuestros productos<br \/> \t\t\t<\/h2>\n\t\t<\/div>\n\t\t\t\t<\/div>\n\t\t\t\t<\/div>\n\t\t\t\t<div class=\"elementor-element elementor-element-93b58eb elementor-widget elementor-widget-text-editor\" data-id=\"93b58eb\" data-element_type=\"widget\" data-widget_type=\"text-editor.default\">\n\t\t\t\t<div class=\"elementor-widget-container\">\n\t\t\t\t\t\t\t\t\tNuestros productos, tanto del huerto como de la tienda, son de producci\u00f3n ecol\u00f3gica certificada. Un producto ecol\u00f3gico es aquel en el que no se ha utilizado ning\u00fan producto qu\u00edmico de s\u00edntesis (herbicidas, abonos qu\u00edmicos&#8230;) en ninguna fase de su proceso de producci\u00f3n.\t\t\t\t\t\t\t\t<\/div>\n\t\t\t\t<\/div>\n\t\t\t\t<div class=\"elementor-element elementor-element-251aee5 elementor-widget elementor-widget-agraria_core_icon_list_item\" data-id=\"251aee5\" data-element_type=\"widget\" data-widget_type=\"agraria_core_icon_list_item.default\">\n\t\t\t\t<div class=\"elementor-widget-container\">\n\t\t\t\t\t<div class=\"qodef-icon-list-item qodef-icon--custom-icon\" >\n\t<p class=\"qodef-e-title\" style=\"line-height: 25px\">\n\t\t\t\t\t<span class=\"qodef-e-title-inner\">\n\t\t\t\t<img decoding=\"async\" width=\"30\" height=\"30\" src=\"https:\/\/www.ekoboalimentacio.cat\/wp-content\/uploads\/2023\/03\/icon-list.png\" class=\"attachment-full size-full\" alt=\"d\" \/>\t\t\t\t<span class=\"qodef-e-title-text\" style=\"margin-left: 15px;line-height: 25px\">Para verificar que esto sea as\u00ed, todo producto ecol\u00f3gico debe llevar un sello de un organismo certificador. Lo que nos certifica a nosotros es el CCPAE (Consejo Catal\u00e1n de la Producci\u00f3n Agraria Ecol\u00f3gica), que es el organismo regulador de Catalu\u00f1a. En tienda tambi\u00e9n tenemos productos de proximidad y productos de comercio justo, estos \u00faltimos tambi\u00e9n certificados.<\/span>\n\t\t\t<\/span>\n\t\t\t<\/p>\n<\/div>\n\t\t\t\t<\/div>\n\t\t\t\t<\/div>\n\t\t\t\t<section class=\"elementor-section elementor-inner-section elementor-element elementor-element-5479d8d elementor-section-boxed elementor-section-height-default elementor-section-height-default\" data-id=\"5479d8d\" data-element_type=\"section\">\n\t\t\t\t\t\t<div class=\"elementor-container elementor-column-gap-default\">\n\t\t\t\t\t<div class=\"elementor-column elementor-col-25 elementor-inner-column elementor-element elementor-element-214accd\" data-id=\"214accd\" data-element_type=\"column\">\n\t\t\t<div class=\"elementor-widget-wrap elementor-element-populated\">\n\t\t\t\t\t\t<div class=\"elementor-element elementor-element-ce528b7 elementor-widget elementor-widget-agraria_core_single_image\" data-id=\"ce528b7\" data-element_type=\"widget\" data-widget_type=\"agraria_core_single_image.default\">\n\t\t\t\t<div class=\"elementor-widget-container\">\n\t\t\t\t\t<div class=\"qodef-shortcode qodef-m  qodef-single-image qodef-layout--default  qodef--retina qodef-has-appear\">\n\t\t\t<div class=\"qodef-m-image\" >\n\t\t\t\t\t\t\t\t\t\t\t\t\t\t<img decoding=\"async\" itemprop=\"image\" src=\"https:\/\/www.ekoboalimentacio.cat\/wp-content\/uploads\/2023\/09\/logo-certificat-ccpae-portada.jpg\" width=\"129\" height=\"109\" alt=\"\" \/>\n\t\t\t\t\t\t\t\t\t\t\t\t\t<\/div>\n\t<\/div>\n\t\t\t\t<\/div>\n\t\t\t\t<\/div>\n\t\t\t\t\t<\/div>\n\t\t<\/div>\n\t\t\t\t<div class=\"elementor-column elementor-col-25 elementor-inner-column elementor-element elementor-element-7d0c432\" data-id=\"7d0c432\" data-element_type=\"column\">\n\t\t\t<div class=\"elementor-widget-wrap elementor-element-populated\">\n\t\t\t\t\t\t<div class=\"elementor-element elementor-element-462477e elementor-widget elementor-widget-agraria_core_single_image\" data-id=\"462477e\" data-element_type=\"widget\" data-widget_type=\"agraria_core_single_image.default\">\n\t\t\t\t<div class=\"elementor-widget-container\">\n\t\t\t\t\t<div class=\"qodef-shortcode qodef-m  qodef-single-image qodef-layout--default  qodef--retina qodef-has-appear\">\n\t\t\t<div class=\"qodef-m-image\" >\n\t\t\t\t\t\t\t\t\t\t\t\t\t\t<img decoding=\"async\" itemprop=\"image\" src=\"https:\/\/www.ekoboalimentacio.cat\/wp-content\/uploads\/2023\/09\/logo-venda-proximitat.jpg\" width=\"129\" height=\"109\" alt=\"\" \/>\n\t\t\t\t\t\t\t\t\t\t\t\t\t<\/div>\n\t<\/div>\n\t\t\t\t<\/div>\n\t\t\t\t<\/div>\n\t\t\t\t\t<\/div>\n\t\t<\/div>\n\t\t\t\t<div class=\"elementor-column elementor-col-25 elementor-inner-column elementor-element elementor-element-208165b\" data-id=\"208165b\" data-element_type=\"column\">\n\t\t\t<div class=\"elementor-widget-wrap elementor-element-populated\">\n\t\t\t\t\t\t<div class=\"elementor-element elementor-element-83a7b9a elementor-widget elementor-widget-agraria_core_single_image\" data-id=\"83a7b9a\" data-element_type=\"widget\" data-widget_type=\"agraria_core_single_image.default\">\n\t\t\t\t<div class=\"elementor-widget-container\">\n\t\t\t\t\t<div class=\"qodef-shortcode qodef-m  qodef-single-image qodef-layout--default  qodef--retina qodef-has-appear\">\n\t\t\t<div class=\"qodef-m-image\" >\n\t\t\t\t\t\t\t\t\t\t\t\t\t\t<img loading=\"lazy\" decoding=\"async\" itemprop=\"image\" src=\"https:\/\/www.ekoboalimentacio.cat\/wp-content\/uploads\/2023\/09\/logo-fairtrade.jpg\" width=\"129\" height=\"109\" alt=\"\" \/>\n\t\t\t\t\t\t\t\t\t\t\t\t\t<\/div>\n\t<\/div>\n\t\t\t\t<\/div>\n\t\t\t\t<\/div>\n\t\t\t\t\t<\/div>\n\t\t<\/div>\n\t\t\t\t<div class=\"elementor-column elementor-col-25 elementor-inner-column elementor-element elementor-element-35cc716\" data-id=\"35cc716\" data-element_type=\"column\">\n\t\t\t<div class=\"elementor-widget-wrap elementor-element-populated\">\n\t\t\t\t\t\t<div class=\"elementor-element elementor-element-cf0d239 elementor-widget elementor-widget-agraria_core_single_image\" data-id=\"cf0d239\" data-element_type=\"widget\" data-widget_type=\"agraria_core_single_image.default\">\n\t\t\t\t<div class=\"elementor-widget-container\">\n\t\t\t\t\t<div class=\"qodef-shortcode qodef-m  qodef-single-image qodef-layout--default  qodef--retina qodef-has-appear\">\n\t\t\t<div class=\"qodef-m-image\" >\n\t\t\t\t\t\t\t\t\t\t\t\t\t\t<img loading=\"lazy\" decoding=\"async\" itemprop=\"image\" src=\"https:\/\/www.ekoboalimentacio.cat\/wp-content\/uploads\/2023\/09\/logo-eurofulla.jpg\" width=\"129\" height=\"109\" alt=\"\" \/>\n\t\t\t\t\t\t\t\t\t\t\t\t\t<\/div>\n\t<\/div>\n\t\t\t\t<\/div>\n\t\t\t\t<\/div>\n\t\t\t\t\t<\/div>\n\t\t<\/div>\n\t\t\t\t\t<\/div>\n\t\t<\/section>\n\t\t\t\t\t<\/div>\n\t\t<\/div>\n\t\t\t\t\t<\/div>\n\t\t<\/section>\n\t\t\t\t<section class=\"elementor-section elementor-top-section elementor-element elementor-element-e58da09 elementor-section-full_width elementor-section-height-default elementor-section-height-default\" data-id=\"e58da09\" data-element_type=\"section\" data-settings=\"{&quot;background_background&quot;:&quot;classic&quot;}\">\n\t\t\t\t\t\t<div class=\"elementor-container elementor-column-gap-default\">\n\t\t\t\t\t<div class=\"elementor-column elementor-col-50 elementor-top-column elementor-element elementor-element-1cae0c1\" data-id=\"1cae0c1\" data-element_type=\"column\">\n\t\t\t<div class=\"elementor-widget-wrap elementor-element-populated\">\n\t\t\t\t\t\t<div class=\"elementor-element elementor-element-12d0a5d elementor-widget elementor-widget-agraria_core_banner\" data-id=\"12d0a5d\" data-element_type=\"widget\" data-widget_type=\"agraria_core_banner.default\">\n\t\t\t\t<div class=\"elementor-widget-container\">\n\t\t\t\t\t<div class=\"qodef-shortcode qodef-m  qodef-banner qodef-layout--link-overlay \">\n\t<div class=\"qodef-m-image\" >\n\t<img loading=\"lazy\" decoding=\"async\" width=\"1203\" height=\"938\" src=\"https:\/\/www.ekoboalimentacio.cat\/wp-content\/uploads\/2023\/09\/banner-qui-som2.jpg\" class=\"attachment-full size-full\" alt=\"\" srcset=\"https:\/\/www.ekoboalimentacio.cat\/wp-content\/uploads\/2023\/09\/banner-qui-som2.jpg 1203w, https:\/\/www.ekoboalimentacio.cat\/wp-content\/uploads\/2023\/09\/banner-qui-som2-300x234.jpg 300w, https:\/\/www.ekoboalimentacio.cat\/wp-content\/uploads\/2023\/09\/banner-qui-som2-1024x798.jpg 1024w, https:\/\/www.ekoboalimentacio.cat\/wp-content\/uploads\/2023\/09\/banner-qui-som2-768x599.jpg 768w\" sizes=\"(max-width: 1203px) 100vw, 1203px\" \/><\/div>\n\t<div class=\"qodef-m-content\">\n\t\t<div class=\"qodef-m-content-inner\" >\n\t\t\t\t\t\t\t<h3 class=\"qodef-m-title\" style=\"color: #FFFFFF\">\n\t\tQUI\u00c9NES SOMOS\t<\/h3>\n\t\t\t\t\t<\/div>\n\t<\/div>\n\t<a itemprop=\"url\" href=\"https:\/\/www.ekoboalimentacio.cat\/es\/quienes-somos\/\" class=\"qodef-m-banner-link\" target=\"_self\"><\/a>\n\n<\/div>\n\t\t\t\t<\/div>\n\t\t\t\t<\/div>\n\t\t\t\t\t<\/div>\n\t\t<\/div>\n\t\t\t\t<div class=\"elementor-column elementor-col-50 elementor-top-column elementor-element elementor-element-679510d\" data-id=\"679510d\" data-element_type=\"column\">\n\t\t\t<div class=\"elementor-widget-wrap elementor-element-populated\">\n\t\t\t\t\t\t<section class=\"elementor-section elementor-inner-section elementor-element elementor-element-b6a3498 elementor-section-full_width elementor-section-height-default elementor-section-height-default\" data-id=\"b6a3498\" data-element_type=\"section\">\n\t\t\t\t\t\t<div class=\"elementor-container elementor-column-gap-default\">\n\t\t\t\t\t<div class=\"elementor-column elementor-col-50 elementor-inner-column elementor-element elementor-element-e62c586\" data-id=\"e62c586\" data-element_type=\"column\">\n\t\t\t<div class=\"elementor-widget-wrap elementor-element-populated\">\n\t\t\t\t\t\t<div class=\"elementor-element elementor-element-3a6b38d elementor-widget elementor-widget-agraria_core_banner\" data-id=\"3a6b38d\" data-element_type=\"widget\" data-widget_type=\"agraria_core_banner.default\">\n\t\t\t\t<div class=\"elementor-widget-container\">\n\t\t\t\t\t<div class=\"qodef-shortcode qodef-m  qodef-banner qodef-layout--link-overlay \">\n\t<div class=\"qodef-m-image\" >\n\t<img loading=\"lazy\" decoding=\"async\" width=\"880\" height=\"948\" src=\"https:\/\/www.ekoboalimentacio.cat\/wp-content\/uploads\/2023\/09\/banner-on-som-1.jpg\" class=\"attachment-full size-full\" alt=\"\" srcset=\"https:\/\/www.ekoboalimentacio.cat\/wp-content\/uploads\/2023\/09\/banner-on-som-1.jpg 880w, https:\/\/www.ekoboalimentacio.cat\/wp-content\/uploads\/2023\/09\/banner-on-som-1-278x300.jpg 278w, https:\/\/www.ekoboalimentacio.cat\/wp-content\/uploads\/2023\/09\/banner-on-som-1-768x827.jpg 768w\" sizes=\"(max-width: 880px) 100vw, 880px\" \/><\/div>\n\t<div class=\"qodef-m-content\">\n\t\t<div class=\"qodef-m-content-inner\" >\n\t\t\t\t\t\t\t<h3 class=\"qodef-m-title\" style=\"color: #FFFFFF\">\n\t\tD\u00d3NDE ESTAMOS\t<\/h3>\n\t\t\t\t\t<\/div>\n\t<\/div>\n\t<a itemprop=\"url\" href=\"https:\/\/www.ekoboalimentacio.cat\/es\/donde-estamos\/\" class=\"qodef-m-banner-link\" target=\"_self\"><\/a>\n\n<\/div>\n\t\t\t\t<\/div>\n\t\t\t\t<\/div>\n\t\t\t\t\t<\/div>\n\t\t<\/div>\n\t\t\t\t<div class=\"elementor-column elementor-col-50 elementor-inner-column elementor-element elementor-element-a11de4f\" data-id=\"a11de4f\" data-element_type=\"column\">\n\t\t\t<div class=\"elementor-widget-wrap elementor-element-populated\">\n\t\t\t\t\t\t<div class=\"elementor-element elementor-element-1393e91 elementor-widget elementor-widget-agraria_core_banner\" data-id=\"1393e91\" data-element_type=\"widget\" data-widget_type=\"agraria_core_banner.default\">\n\t\t\t\t<div class=\"elementor-widget-container\">\n\t\t\t\t\t<div class=\"qodef-shortcode qodef-m  qodef-banner qodef-layout--link-overlay \">\n\t<div class=\"qodef-m-image\" >\n\t<img loading=\"lazy\" decoding=\"async\" width=\"1203\" height=\"938\" src=\"https:\/\/www.ekoboalimentacio.cat\/wp-content\/uploads\/2023\/09\/banner-qui-fem2.jpg\" class=\"attachment-full size-full\" alt=\"\" srcset=\"https:\/\/www.ekoboalimentacio.cat\/wp-content\/uploads\/2023\/09\/banner-qui-fem2.jpg 1203w, https:\/\/www.ekoboalimentacio.cat\/wp-content\/uploads\/2023\/09\/banner-qui-fem2-300x234.jpg 300w, https:\/\/www.ekoboalimentacio.cat\/wp-content\/uploads\/2023\/09\/banner-qui-fem2-1024x798.jpg 1024w, https:\/\/www.ekoboalimentacio.cat\/wp-content\/uploads\/2023\/09\/banner-qui-fem2-768x599.jpg 768w\" sizes=\"(max-width: 1203px) 100vw, 1203px\" \/><\/div>\n\t<div class=\"qodef-m-content\">\n\t\t<div class=\"qodef-m-content-inner\" >\n\t\t\t\t\t\t\t<h3 class=\"qodef-m-title\" style=\"color: #FFFFFF\">\n\t\tQU\u00c9 HACEMOS\t<\/h3>\n\t\t\t\t\t<\/div>\n\t<\/div>\n\t<a itemprop=\"url\" href=\"https:\/\/www.ekoboalimentacio.cat\/es\/que-hacemos\/\" class=\"qodef-m-banner-link\" target=\"_self\"><\/a>\n\n<\/div>\n\t\t\t\t<\/div>\n\t\t\t\t<\/div>\n\t\t\t\t\t<\/div>\n\t\t<\/div>\n\t\t\t\t\t<\/div>\n\t\t<\/section>\n\t\t\t\t\t<\/div>\n\t\t<\/div>\n\t\t\t\t\t<\/div>\n\t\t<\/section>\n\t\t\t\t<\/div>\n\t\t","protected":false},"excerpt":{"rendered":"<p>Nuestros productos Nuestros productos, tanto del huerto como de la tienda, son de producci\u00f3n ecol\u00f3gica certificada. Un producto ecol\u00f3gico es aquel en el que no se ha utilizado ning\u00fan producto qu\u00edmico de s\u00edntesis (herbicidas, abonos qu\u00edmicos&#8230;) en ninguna fase de su proceso de producci\u00f3n. Para verificar que esto sea as\u00ed, todo producto ecol\u00f3gico debe llevar [&hellip;]<\/p>\n","protected":false},"author":1,"featured_media":0,"parent":0,"menu_order":0,"comment_status":"closed","ping_status":"closed","template":"page-full-width.php","meta":{"om_disable_all_campaigns":false,"_monsterinsights_skip_tracking":false,"_monsterinsights_sitenote_active":false,"_monsterinsights_sitenote_note":"","_monsterinsights_sitenote_category":0,"footnotes":""},"class_list":["post-12804","page","type-page","status-publish","hentry"],"aioseo_notices":[],"_links":{"self":[{"href":"https:\/\/www.ekoboalimentacio.cat\/es\/wp-json\/wp\/v2\/pages\/12804","targetHints":{"allow":["GET"]}}],"collection":[{"href":"https:\/\/www.ekoboalimentacio.cat\/es\/wp-json\/wp\/v2\/pages"}],"about":[{"href":"https:\/\/www.ekoboalimentacio.cat\/es\/wp-json\/wp\/v2\/types\/page"}],"author":[{"embeddable":true,"href":"https:\/\/www.ekoboalimentacio.cat\/es\/wp-json\/wp\/v2\/users\/1"}],"replies":[{"embeddable":true,"href":"https:\/\/www.ekoboalimentacio.cat\/es\/wp-json\/wp\/v2\/comments?post=12804"}],"version-history":[{"count":7,"href":"https:\/\/www.ekoboalimentacio.cat\/es\/wp-json\/wp\/v2\/pages\/12804\/revisions"}],"predecessor-version":[{"id":12844,"href":"https:\/\/www.ekoboalimentacio.cat\/es\/wp-json\/wp\/v2\/pages\/12804\/revisions\/12844"}],"wp:attachment":[{"href":"https:\/\/www.ekoboalimentacio.cat\/es\/wp-json\/wp\/v2\/media?parent=12804"}],"curies":[{"name":"wp","href":"https:\/\/api.w.org\/{rel}","templated":true}]}}