{"id":12794,"date":"2023-03-29T12:41:24","date_gmt":"2023-03-29T10:41:24","guid":{"rendered":"https:\/\/www.ekoboalimentacio.cat\/que-fem\/"},"modified":"2023-11-07T10:35:41","modified_gmt":"2023-11-07T09:35:41","slug":"que-hacemos","status":"publish","type":"page","link":"https:\/\/www.ekoboalimentacio.cat\/es\/que-hacemos\/","title":{"rendered":"QU\u00c9 HACEMOS"},"content":{"rendered":"\t\t<div data-elementor-type=\"wp-page\" data-elementor-id=\"12794\" class=\"elementor elementor-12794 elementor-4135\">\n\t\t\t\t\t\t<section class=\"elementor-section elementor-top-section elementor-element elementor-element-3186477 elementor-section-full_width qodef-elementor-content-grid elementor-section-stretched elementor-section-height-default elementor-section-height-default\" data-id=\"3186477\" data-element_type=\"section\" data-settings=\"{&quot;background_background&quot;:&quot;classic&quot;,&quot;stretch_section&quot;:&quot;section-stretched&quot;}\">\n\t\t\t\t\t\t<div class=\"elementor-container elementor-column-gap-default\">\n\t\t\t\t\t<div class=\"elementor-column elementor-col-100 elementor-top-column elementor-element elementor-element-98d2536\" data-id=\"98d2536\" data-element_type=\"column\">\n\t\t\t<div class=\"elementor-widget-wrap elementor-element-populated\">\n\t\t\t\t\t\t<div class=\"elementor-element elementor-element-d2f094f elementor-widget__width-initial elementor-hidden-desktop elementor-hidden-tablet elementor-hidden-mobile elementor-widget elementor-widget-agraria_core_section_title\" data-id=\"d2f094f\" data-element_type=\"widget\" data-widget_type=\"agraria_core_section_title.default\">\n\t\t\t\t<div class=\"elementor-widget-container\">\n\t\t\t\t\t<div class=\"qodef-shortcode qodef-m  qodef-section-title qodef-alignment--left qodef-title-break--disabled\">\n\t\t\t\t<h2 class=\"qodef-m-title\" style=\"color: #769D02\">\n\t\t\t\t\tEkobo \u00e9s un projecte familiar que va n\u00e9ixer al 2006. Ens movem en l\u2019\u00e0mbit de l\u2019alimentaci\u00f3 ecol\u00f2gica, produint i  venent verdura ecol\u00f2gica directament al consumidor\t\t\t<\/h2>\n\t\t<\/div>\n\t\t\t\t<\/div>\n\t\t\t\t<\/div>\n\t\t\t\t\t<\/div>\n\t\t<\/div>\n\t\t\t\t\t<\/div>\n\t\t<\/section>\n\t\t\t\t<section class=\"elementor-section elementor-top-section elementor-element elementor-element-8fdc505 elementor-section-full_width qodef-elementor-content-grid elementor-section-height-default elementor-section-height-default\" data-id=\"8fdc505\" data-element_type=\"section\">\n\t\t\t\t\t\t<div class=\"elementor-container elementor-column-gap-default\">\n\t\t\t\t\t<div class=\"elementor-column elementor-col-50 elementor-top-column elementor-element elementor-element-d4d7833\" data-id=\"d4d7833\" data-element_type=\"column\">\n\t\t\t<div class=\"elementor-widget-wrap elementor-element-populated\">\n\t\t\t\t\t\t<div class=\"elementor-element elementor-element-6e833cc elementor-widget elementor-widget-agraria_core_single_image\" data-id=\"6e833cc\" data-element_type=\"widget\" data-widget_type=\"agraria_core_single_image.default\">\n\t\t\t\t<div class=\"elementor-widget-container\">\n\t\t\t\t\t<div class=\"qodef-shortcode qodef-m  qodef-single-image qodef-layout--default   \">\n\t\t\t<div class=\"qodef-m-image\" >\n\t\t\t\t\t\t\t\t<img fetchpriority=\"high\" decoding=\"async\" width=\"1000\" height=\"667\" src=\"https:\/\/www.ekoboalimentacio.cat\/wp-content\/uploads\/2023\/09\/que-fem02.jpg\" class=\"attachment-full size-full\" alt=\"\" srcset=\"https:\/\/www.ekoboalimentacio.cat\/wp-content\/uploads\/2023\/09\/que-fem02.jpg 1000w, https:\/\/www.ekoboalimentacio.cat\/wp-content\/uploads\/2023\/09\/que-fem02-300x200.jpg 300w, https:\/\/www.ekoboalimentacio.cat\/wp-content\/uploads\/2023\/09\/que-fem02-768x512.jpg 768w\" sizes=\"(max-width: 1000px) 100vw, 1000px\" \/>\t\t\t\t\t\t\t<\/div>\n\t<\/div>\n\t\t\t\t<\/div>\n\t\t\t\t<\/div>\n\t\t\t\t\t<\/div>\n\t\t<\/div>\n\t\t\t\t<div class=\"elementor-column elementor-col-50 elementor-top-column elementor-element elementor-element-fa74900\" data-id=\"fa74900\" data-element_type=\"column\">\n\t\t\t<div class=\"elementor-widget-wrap elementor-element-populated\">\n\t\t\t\t\t\t<div class=\"elementor-element elementor-element-308fe45 elementor-widget elementor-widget-agraria_core_section_title\" data-id=\"308fe45\" data-element_type=\"widget\" data-widget_type=\"agraria_core_section_title.default\">\n\t\t\t\t<div class=\"elementor-widget-container\">\n\t\t\t\t\t<div class=\"qodef-shortcode qodef-m  qodef-section-title qodef-alignment--left qodef-title-break--disabled\">\n\t\t\t\t<h3 class=\"qodef-m-title\" style=\"color: #769D02;margin-top: -30px\">\n\t\t\t\t\tEkobo es un proyecto familiar \t\t\t<\/h3>\n\t\t<p class=\"qodef-m-description\" style=\"color: #5A5A5A\">Ekobo es un proyecto familiar que naci\u00f3 en 2006, pero el entorno y sus creadores ya se mov\u00edan en el \u00e1mbito de la alimentaci\u00f3n ecol\u00f3gica desde hac\u00eda a\u00f1os, produciendo y vendiendo verdura ecol\u00f3gica directamente al consumidor. Poco a poco se ha ido ampliando, y actualmente consta de tres ramas: tienda, bar y obrador.<\/p>\n\t<\/div>\n\t\t\t\t<\/div>\n\t\t\t\t<\/div>\n\t\t\t\t<div class=\"elementor-element elementor-element-7e73471 elementor-widget elementor-widget-agraria_core_section_title\" data-id=\"7e73471\" data-element_type=\"widget\" data-widget_type=\"agraria_core_section_title.default\">\n\t\t\t\t<div class=\"elementor-widget-container\">\n\t\t\t\t\t<div class=\"qodef-shortcode qodef-m  qodef-section-title qodef-alignment--left qodef-title-break--disabled\">\n\t\t\t\t\t<p class=\"qodef-m-description\" style=\"color: #5A5A5A\">\nEn la tienda puede encontrar alimentaci\u00f3n ecol\u00f3gica certificada, tanto producto fresco: verdura, fruta, pan, carne... como producto envasado de todo tipo: galletas, cereales, bebidas vegetales, caf\u00e9s y chocolates de comercio justo, productos macrobi\u00f3ticos, infusiones, y algunas cosas a granel. Tambi\u00e9n tenemos un apartado de cosm\u00e9tica y limpieza donde encontrar\u00e1 jabones, cremas, detergentes... algunos de estos art\u00edculos tambi\u00e9n a granel.\n<\/p>\n\t<\/div>\n\t\t\t\t<\/div>\n\t\t\t\t<\/div>\n\t\t\t\t\t<\/div>\n\t\t<\/div>\n\t\t\t\t\t<\/div>\n\t\t<\/section>\n\t\t\t\t<section class=\"elementor-section elementor-top-section elementor-element elementor-element-1254fa2 elementor-section-full_width qodef-elementor-content-grid elementor-section-height-default elementor-section-height-default\" data-id=\"1254fa2\" data-element_type=\"section\">\n\t\t\t\t\t\t<div class=\"elementor-container elementor-column-gap-default\">\n\t\t\t\t\t<div class=\"elementor-column elementor-col-50 elementor-top-column elementor-element elementor-element-37687db\" data-id=\"37687db\" data-element_type=\"column\">\n\t\t\t<div class=\"elementor-widget-wrap elementor-element-populated\">\n\t\t\t\t\t\t<div class=\"elementor-element elementor-element-9633e60 elementor-widget elementor-widget-agraria_core_section_title\" data-id=\"9633e60\" data-element_type=\"widget\" data-widget_type=\"agraria_core_section_title.default\">\n\t\t\t\t<div class=\"elementor-widget-container\">\n\t\t\t\t\t<div class=\"qodef-shortcode qodef-m  qodef-section-title qodef-alignment--left qodef-title-break--disabled\">\n\t\t\t\t\t<p class=\"qodef-m-description\" style=\"color: #5A5A5A\">Tenemos productos de muchas marcas pero intentamos tambi\u00e9n apoyar a los productores locales y de proximidad. Y si no puede venir tambi\u00e9n se lo podemos llevar a casa.<\/p>\n\t<\/div>\n\t\t\t\t<\/div>\n\t\t\t\t<\/div>\n\t\t\t\t<div class=\"elementor-element elementor-element-37ed0cf elementor-widget elementor-widget-agraria_core_section_title\" data-id=\"37ed0cf\" data-element_type=\"widget\" data-widget_type=\"agraria_core_section_title.default\">\n\t\t\t\t<div class=\"elementor-widget-container\">\n\t\t\t\t\t<div class=\"qodef-shortcode qodef-m  qodef-section-title qodef-alignment--left qodef-title-break--disabled\">\n\t\t\t\t\t<p class=\"qodef-m-description\" style=\"color: #5A5A5A\">En el bar no s\u00f3lo puede tomar un caf\u00e9 o una infusi\u00f3n, sino que tambi\u00e9n tenemos batidos y zumos naturales hechos al momento y de prensi\u00f3n en fr\u00edo, de fruta y\/o verdura. \u00a1Nuestros jugos verdes est\u00e1n buen\u00edsimos!<\/p>\n\t<\/div>\n\t\t\t\t<\/div>\n\t\t\t\t<\/div>\n\t\t\t\t\t<\/div>\n\t\t<\/div>\n\t\t\t\t<div class=\"elementor-column elementor-col-50 elementor-top-column elementor-element elementor-element-7b2e296\" data-id=\"7b2e296\" data-element_type=\"column\">\n\t\t\t<div class=\"elementor-widget-wrap elementor-element-populated\">\n\t\t\t\t\t\t<div class=\"elementor-element elementor-element-f01c0ed elementor-widget elementor-widget-agraria_core_single_image\" data-id=\"f01c0ed\" data-element_type=\"widget\" data-widget_type=\"agraria_core_single_image.default\">\n\t\t\t\t<div class=\"elementor-widget-container\">\n\t\t\t\t\t<div class=\"qodef-shortcode qodef-m  qodef-single-image qodef-layout--default   \">\n\t\t\t<div class=\"qodef-m-image\" >\n\t\t\t\t\t\t\t\t<img decoding=\"async\" width=\"1000\" height=\"667\" src=\"https:\/\/www.ekoboalimentacio.cat\/wp-content\/uploads\/2023\/09\/que-fem03.jpg\" class=\"attachment-full size-full\" alt=\"\" srcset=\"https:\/\/www.ekoboalimentacio.cat\/wp-content\/uploads\/2023\/09\/que-fem03.jpg 1000w, https:\/\/www.ekoboalimentacio.cat\/wp-content\/uploads\/2023\/09\/que-fem03-300x200.jpg 300w, https:\/\/www.ekoboalimentacio.cat\/wp-content\/uploads\/2023\/09\/que-fem03-768x512.jpg 768w\" sizes=\"(max-width: 1000px) 100vw, 1000px\" \/>\t\t\t\t\t\t\t<\/div>\n\t<\/div>\n\t\t\t\t<\/div>\n\t\t\t\t<\/div>\n\t\t\t\t\t<\/div>\n\t\t<\/div>\n\t\t\t\t\t<\/div>\n\t\t<\/section>\n\t\t\t\t<section class=\"elementor-section elementor-top-section elementor-element elementor-element-873b3e0 elementor-section-full_width qodef-elementor-content-grid elementor-section-height-default elementor-section-height-default\" data-id=\"873b3e0\" data-element_type=\"section\">\n\t\t\t\t\t\t<div class=\"elementor-container elementor-column-gap-default\">\n\t\t\t\t\t<div class=\"elementor-column elementor-col-50 elementor-top-column elementor-element elementor-element-1a9b389\" data-id=\"1a9b389\" data-element_type=\"column\">\n\t\t\t<div class=\"elementor-widget-wrap elementor-element-populated\">\n\t\t\t\t\t\t<div class=\"elementor-element elementor-element-94c89d4 elementor-widget elementor-widget-agraria_core_single_image\" data-id=\"94c89d4\" data-element_type=\"widget\" data-widget_type=\"agraria_core_single_image.default\">\n\t\t\t\t<div class=\"elementor-widget-container\">\n\t\t\t\t\t<div class=\"qodef-shortcode qodef-m  qodef-single-image qodef-layout--default   \">\n\t\t\t<div class=\"qodef-m-image\" >\n\t\t\t\t\t\t\t\t<img decoding=\"async\" width=\"1000\" height=\"667\" src=\"https:\/\/www.ekoboalimentacio.cat\/wp-content\/uploads\/2023\/09\/que-fem04.jpg\" class=\"attachment-full size-full\" alt=\"\" srcset=\"https:\/\/www.ekoboalimentacio.cat\/wp-content\/uploads\/2023\/09\/que-fem04.jpg 1000w, https:\/\/www.ekoboalimentacio.cat\/wp-content\/uploads\/2023\/09\/que-fem04-300x200.jpg 300w, https:\/\/www.ekoboalimentacio.cat\/wp-content\/uploads\/2023\/09\/que-fem04-768x512.jpg 768w\" sizes=\"(max-width: 1000px) 100vw, 1000px\" \/>\t\t\t\t\t\t\t<\/div>\n\t<\/div>\n\t\t\t\t<\/div>\n\t\t\t\t<\/div>\n\t\t\t\t\t<\/div>\n\t\t<\/div>\n\t\t\t\t<div class=\"elementor-column elementor-col-50 elementor-top-column elementor-element elementor-element-0160c87\" data-id=\"0160c87\" data-element_type=\"column\">\n\t\t\t<div class=\"elementor-widget-wrap elementor-element-populated\">\n\t\t\t\t\t\t<div class=\"elementor-element elementor-element-84d02a7 elementor-widget elementor-widget-agraria_core_section_title\" data-id=\"84d02a7\" data-element_type=\"widget\" data-widget_type=\"agraria_core_section_title.default\">\n\t\t\t\t<div class=\"elementor-widget-container\">\n\t\t\t\t\t<div class=\"qodef-shortcode qodef-m  qodef-section-title qodef-alignment--left qodef-title-break--disabled\">\n\t\t\t\t\t<p class=\"qodef-m-description\" style=\"color: #5A5A5A\">En el obrador elaboramos algunas cosas que podr\u00e1 comprar en la tienda o bien degustarlas en el bar; la tarta crudivegana de chocolate o nuestra versi\u00f3n de kimchi son productos estrella.\n<\/p>\n\t<\/div>\n\t\t\t\t<\/div>\n\t\t\t\t<\/div>\n\t\t\t\t<div class=\"elementor-element elementor-element-c3199a8 elementor-widget elementor-widget-agraria_core_section_title\" data-id=\"c3199a8\" data-element_type=\"widget\" data-widget_type=\"agraria_core_section_title.default\">\n\t\t\t\t<div class=\"elementor-widget-container\">\n\t\t\t\t\t<div class=\"qodef-shortcode qodef-m  qodef-section-title qodef-alignment--left qodef-title-break--disabled\">\n\t\t\t\t\t<p class=\"qodef-m-description\" style=\"color: #5A5A5A\">En nuestra finca, situada entre Amposta y La R\u00e0pita, producimos verduras, brotes de ensalada, chiles... de agricultura ecol\u00f3gica certificada por el CCPAE y desde 2020 tambi\u00e9n por el aval BioSuisse. Intentamos preservar el medio ambiente y la biodiversidad. Cultivamos algunas variedades antiguas de verduras, como los tomates. Recientemente hemos empezado a trabajar con algunos frutales como pl\u00e1tanos.<\/p>\n\t<\/div>\n\t\t\t\t<\/div>\n\t\t\t\t<\/div>\n\t\t\t\t\t<\/div>\n\t\t<\/div>\n\t\t\t\t\t<\/div>\n\t\t<\/section>\n\t\t\t\t<section class=\"elementor-section elementor-top-section elementor-element elementor-element-5a4b1140 elementor-section-full_width elementor-section-stretched elementor-section-height-default elementor-section-height-default\" data-id=\"5a4b1140\" data-element_type=\"section\" data-settings=\"{&quot;background_background&quot;:&quot;classic&quot;,&quot;stretch_section&quot;:&quot;section-stretched&quot;}\">\n\t\t\t\t\t\t<div class=\"elementor-container elementor-column-gap-default\">\n\t\t\t\t\t<div class=\"elementor-column elementor-col-50 elementor-top-column elementor-element elementor-element-7f8ed30d\" data-id=\"7f8ed30d\" data-element_type=\"column\">\n\t\t\t<div class=\"elementor-widget-wrap elementor-element-populated\">\n\t\t\t\t\t\t<div class=\"elementor-element elementor-element-46c5a56d elementor-widget elementor-widget-agraria_core_banner\" data-id=\"46c5a56d\" data-element_type=\"widget\" data-widget_type=\"agraria_core_banner.default\">\n\t\t\t\t<div class=\"elementor-widget-container\">\n\t\t\t\t\t<div class=\"qodef-shortcode qodef-m  qodef-banner qodef-layout--link-overlay \">\n\t<div class=\"qodef-m-image\" >\n\t<img loading=\"lazy\" decoding=\"async\" width=\"1203\" height=\"938\" src=\"https:\/\/www.ekoboalimentacio.cat\/wp-content\/uploads\/2023\/09\/banner-qui-som2.jpg\" class=\"attachment-full size-full\" alt=\"\" srcset=\"https:\/\/www.ekoboalimentacio.cat\/wp-content\/uploads\/2023\/09\/banner-qui-som2.jpg 1203w, https:\/\/www.ekoboalimentacio.cat\/wp-content\/uploads\/2023\/09\/banner-qui-som2-300x234.jpg 300w, https:\/\/www.ekoboalimentacio.cat\/wp-content\/uploads\/2023\/09\/banner-qui-som2-1024x798.jpg 1024w, https:\/\/www.ekoboalimentacio.cat\/wp-content\/uploads\/2023\/09\/banner-qui-som2-768x599.jpg 768w\" sizes=\"(max-width: 1203px) 100vw, 1203px\" \/><\/div>\n\t<div class=\"qodef-m-content\">\n\t\t<div class=\"qodef-m-content-inner\" >\n\t\t\t\t\t\t\t<h3 class=\"qodef-m-title\" style=\"color: #FFFFFF\">\n\t\tQUI\u00c9NES SOMOS\t<\/h3>\n\t\t\t\t\t<\/div>\n\t<\/div>\n\t<a itemprop=\"url\" href=\"https:\/\/www.ekoboalimentacio.cat\/es\/quienes-somos\/\" class=\"qodef-m-banner-link\" target=\"_self\"><\/a>\n\n<\/div>\n\t\t\t\t<\/div>\n\t\t\t\t<\/div>\n\t\t\t\t\t<\/div>\n\t\t<\/div>\n\t\t\t\t<div class=\"elementor-column elementor-col-50 elementor-top-column elementor-element elementor-element-7c769c6e\" data-id=\"7c769c6e\" data-element_type=\"column\">\n\t\t\t<div class=\"elementor-widget-wrap elementor-element-populated\">\n\t\t\t\t\t\t<section class=\"elementor-section elementor-inner-section elementor-element elementor-element-33573590 elementor-section-full_width elementor-section-height-default elementor-section-height-default\" data-id=\"33573590\" data-element_type=\"section\">\n\t\t\t\t\t\t<div class=\"elementor-container elementor-column-gap-default\">\n\t\t\t\t\t<div class=\"elementor-column elementor-col-50 elementor-inner-column elementor-element elementor-element-17718898\" data-id=\"17718898\" data-element_type=\"column\">\n\t\t\t<div class=\"elementor-widget-wrap elementor-element-populated\">\n\t\t\t\t\t\t<div class=\"elementor-element elementor-element-5f1d889e elementor-widget elementor-widget-agraria_core_banner\" data-id=\"5f1d889e\" data-element_type=\"widget\" data-widget_type=\"agraria_core_banner.default\">\n\t\t\t\t<div class=\"elementor-widget-container\">\n\t\t\t\t\t<div class=\"qodef-shortcode qodef-m  qodef-banner qodef-layout--link-overlay \">\n\t<div class=\"qodef-m-image\" >\n\t<img loading=\"lazy\" decoding=\"async\" width=\"880\" height=\"948\" src=\"https:\/\/www.ekoboalimentacio.cat\/wp-content\/uploads\/2023\/09\/banner-on-som-1.jpg\" class=\"attachment-full size-full\" alt=\"\" srcset=\"https:\/\/www.ekoboalimentacio.cat\/wp-content\/uploads\/2023\/09\/banner-on-som-1.jpg 880w, https:\/\/www.ekoboalimentacio.cat\/wp-content\/uploads\/2023\/09\/banner-on-som-1-278x300.jpg 278w, https:\/\/www.ekoboalimentacio.cat\/wp-content\/uploads\/2023\/09\/banner-on-som-1-768x827.jpg 768w\" sizes=\"(max-width: 880px) 100vw, 880px\" \/><\/div>\n\t<div class=\"qodef-m-content\">\n\t\t<div class=\"qodef-m-content-inner\" >\n\t\t\t\t\t\t\t<h3 class=\"qodef-m-title\" style=\"color: #FFFFFF\">\n\t\tD\u00d3NDE ESTAMOS\t<\/h3>\n\t\t\t\t\t<\/div>\n\t<\/div>\n\t<a itemprop=\"url\" href=\"https:\/\/www.ekoboalimentacio.cat\/es\/donde-estamos\/\" class=\"qodef-m-banner-link\" target=\"_self\"><\/a>\n\n<\/div>\n\t\t\t\t<\/div>\n\t\t\t\t<\/div>\n\t\t\t\t\t<\/div>\n\t\t<\/div>\n\t\t\t\t<div class=\"elementor-column elementor-col-50 elementor-inner-column elementor-element elementor-element-68befae4\" data-id=\"68befae4\" data-element_type=\"column\">\n\t\t\t<div class=\"elementor-widget-wrap elementor-element-populated\">\n\t\t\t\t\t\t<div class=\"elementor-element elementor-element-3e8448bf elementor-widget elementor-widget-agraria_core_banner\" data-id=\"3e8448bf\" data-element_type=\"widget\" data-widget_type=\"agraria_core_banner.default\">\n\t\t\t\t<div class=\"elementor-widget-container\">\n\t\t\t\t\t<div class=\"qodef-shortcode qodef-m  qodef-banner qodef-layout--link-overlay \">\n\t<div class=\"qodef-m-image\" >\n\t<img loading=\"lazy\" decoding=\"async\" width=\"1203\" height=\"938\" src=\"https:\/\/www.ekoboalimentacio.cat\/wp-content\/uploads\/2023\/09\/banner-alimentacio2.jpg\" class=\"attachment-full size-full\" alt=\"\" srcset=\"https:\/\/www.ekoboalimentacio.cat\/wp-content\/uploads\/2023\/09\/banner-alimentacio2.jpg 1203w, https:\/\/www.ekoboalimentacio.cat\/wp-content\/uploads\/2023\/09\/banner-alimentacio2-300x234.jpg 300w, https:\/\/www.ekoboalimentacio.cat\/wp-content\/uploads\/2023\/09\/banner-alimentacio2-1024x798.jpg 1024w, https:\/\/www.ekoboalimentacio.cat\/wp-content\/uploads\/2023\/09\/banner-alimentacio2-768x599.jpg 768w\" sizes=\"(max-width: 1203px) 100vw, 1203px\" \/><\/div>\n\t<div class=\"qodef-m-content\">\n\t\t<div class=\"qodef-m-content-inner\" >\n\t\t\t\t\t\t\t<h3 class=\"qodef-m-title\" style=\"color: #FFFFFF\">\n\t\tALIMENTACI\u00d3N ECOL\u00d3GICA\t<\/h3>\n\t\t\t\t\t<\/div>\n\t<\/div>\n\t<a itemprop=\"url\" href=\"https:\/\/www.ekoboalimentacio.cat\/es\/alimentacion-ecologica\/\" class=\"qodef-m-banner-link\" target=\"_self\"><\/a>\n\n<\/div>\n\t\t\t\t<\/div>\n\t\t\t\t<\/div>\n\t\t\t\t\t<\/div>\n\t\t<\/div>\n\t\t\t\t\t<\/div>\n\t\t<\/section>\n\t\t\t\t\t<\/div>\n\t\t<\/div>\n\t\t\t\t\t<\/div>\n\t\t<\/section>\n\t\t\t\t<\/div>\n\t\t","protected":false},"excerpt":{"rendered":"<p>Ekobo \u00e9s un projecte familiar que va n\u00e9ixer al 2006. Ens movem en l\u2019\u00e0mbit de l\u2019alimentaci\u00f3 ecol\u00f2gica, produint i venent verdura ecol\u00f2gica directament al consumidor Ekobo es un proyecto familiar Ekobo es un proyecto familiar que naci\u00f3 en 2006, pero el entorno y sus creadores ya se mov\u00edan en el \u00e1mbito de la alimentaci\u00f3n ecol\u00f3gica [&hellip;]<\/p>\n","protected":false},"author":1,"featured_media":0,"parent":0,"menu_order":0,"comment_status":"closed","ping_status":"closed","template":"","meta":{"om_disable_all_campaigns":false,"_monsterinsights_skip_tracking":false,"_monsterinsights_sitenote_active":false,"_monsterinsights_sitenote_note":"","_monsterinsights_sitenote_category":0,"footnotes":""},"class_list":["post-12794","page","type-page","status-publish","hentry"],"aioseo_notices":[],"_links":{"self":[{"href":"https:\/\/www.ekoboalimentacio.cat\/es\/wp-json\/wp\/v2\/pages\/12794","targetHints":{"allow":["GET"]}}],"collection":[{"href":"https:\/\/www.ekoboalimentacio.cat\/es\/wp-json\/wp\/v2\/pages"}],"about":[{"href":"https:\/\/www.ekoboalimentacio.cat\/es\/wp-json\/wp\/v2\/types\/page"}],"author":[{"embeddable":true,"href":"https:\/\/www.ekoboalimentacio.cat\/es\/wp-json\/wp\/v2\/users\/1"}],"replies":[{"embeddable":true,"href":"https:\/\/www.ekoboalimentacio.cat\/es\/wp-json\/wp\/v2\/comments?post=12794"}],"version-history":[{"count":16,"href":"https:\/\/www.ekoboalimentacio.cat\/es\/wp-json\/wp\/v2\/pages\/12794\/revisions"}],"predecessor-version":[{"id":12892,"href":"https:\/\/www.ekoboalimentacio.cat\/es\/wp-json\/wp\/v2\/pages\/12794\/revisions\/12892"}],"wp:attachment":[{"href":"https:\/\/www.ekoboalimentacio.cat\/es\/wp-json\/wp\/v2\/media?parent=12794"}],"curies":[{"name":"wp","href":"https:\/\/api.w.org\/{rel}","templated":true}]}}